{"id":87,"date":"2016-09-21T17:07:59","date_gmt":"2016-09-21T15:07:59","guid":{"rendered":"http:\/\/www.christiane-klee.de\/?page_id=87"},"modified":"2024-09-03T10:47:28","modified_gmt":"2024-09-03T08:47:28","slug":"schroepfen","status":"publish","type":"page","link":"https:\/\/www.christiane-klee.de\/?page_id=87","title":{"rendered":"Schr\u00f6pfen"},"content":{"rendered":"<p><strong>Englisch: Cupping<\/strong><\/p>\n<p>Es handelt sich um ein altes traditionelles Therapieverfahren.&nbsp;Mit Hilfe eines speziellen Schr\u00f6pfglases wird ein Unterdruck erzeugt und auf eine lokale Hautpartie&nbsp; aufgebracht.&nbsp;Man kann den Unterdruck entweder durch eine Art Vakuumpumpe erzeugen, oder bei dem sogenannten Feuerschr\u00f6pfen, durch einen in Alkohol getr\u00e4nkten Wattebausch der angez\u00fcndet kurz ins Glas gehalten wird.&nbsp;Bei der Schr\u00f6pfmassage werden die Gl\u00e4ser auf bereits einge\u00f6lte Haut aufgesetzt und anschlie\u00dfend verschoben, wobei der Druck st\u00e4ndig beibehalten wird.&nbsp;Diese Therapiema\u00dfnahme ist stark durchblutungsf\u00f6rdernd und wird bei unterschiedlichen Anwendungsbereichen benutzt.<\/p>\n<p>Seit Michael Phelps Olympia 2016 mit den typischen Schr\u00f6pfmalen an Schultern und R\u00fccken zu sehen war, erfreut sich diese traditionelle Therpiemethode wieder erneuter Beliebtheit.<\/p>\n<p>Gerne gebe ich Ihnen weitere Informationen in meiner Praxis.<\/p>\n","protected":false},"excerpt":{"rendered":"<p>Englisch: Cupping Es handelt sich um ein altes traditionelles Therapieverfahren.&nbsp;Mit Hilfe eines speziellen Schr\u00f6pfglases wird ein Unterdruck erzeugt und auf eine lokale Hautpartie&nbsp; aufgebracht.&nbsp;Man kann den Unterdruck entweder durch eine Art Vakuumpumpe erzeugen, oder bei dem sogenannten Feuerschr\u00f6pfen, durch einen in Alkohol getr\u00e4nkten Wattebausch der angez\u00fcndet kurz ins Glas gehalten wird.&nbsp;Bei der Schr\u00f6pfmassage werden die &hellip; <\/p>\n<p class=\"link-more\"><a href=\"https:\/\/www.christiane-klee.de\/?page_id=87\" class=\"more-link\"><span class=\"screen-reader-text\">\u201eSchr\u00f6pfen\u201c<\/span> weiterlesen<\/a><\/p>\n","protected":false},"author":1,"featured_media":0,"parent":0,"menu_order":0,"comment_status":"closed","ping_status":"closed","template":"","meta":[],"_links":{"self":[{"href":"https:\/\/www.christiane-klee.de\/index.php?rest_route=\/wp\/v2\/pages\/87"}],"collection":[{"href":"https:\/\/www.christiane-klee.de\/index.php?rest_route=\/wp\/v2\/pages"}],"about":[{"href":"https:\/\/www.christiane-klee.de\/index.php?rest_route=\/wp\/v2\/types\/page"}],"author":[{"embeddable":true,"href":"https:\/\/www.christiane-klee.de\/index.php?rest_route=\/wp\/v2\/users\/1"}],"replies":[{"embeddable":true,"href":"https:\/\/www.christiane-klee.de\/index.php?rest_route=%2Fwp%2Fv2%2Fcomments&post=87"}],"version-history":[{"count":5,"href":"https:\/\/www.christiane-klee.de\/index.php?rest_route=\/wp\/v2\/pages\/87\/revisions"}],"predecessor-version":[{"id":184,"href":"https:\/\/www.christiane-klee.de\/index.php?rest_route=\/wp\/v2\/pages\/87\/revisions\/184"}],"wp:attachment":[{"href":"https:\/\/www.christiane-klee.de\/index.php?rest_route=%2Fwp%2Fv2%2Fmedia&parent=87"}],"curies":[{"name":"wp","href":"https:\/\/api.w.org\/{rel}","templated":true}]}}