{"id":77,"date":"2016-09-12T14:02:54","date_gmt":"2016-09-12T12:02:54","guid":{"rendered":"http:\/\/www.christiane-klee.de\/?page_id=77"},"modified":"2024-09-03T10:48:55","modified_gmt":"2024-09-03T08:48:55","slug":"gua-sha","status":"publish","type":"page","link":"https:\/\/www.christiane-klee.de\/?page_id=77","title":{"rendered":"Gua Sha"},"content":{"rendered":"<p>Gua= reiben, schaben<\/p>\n<p>Sha= ist der Terminus, der benutzt wird, um Ver\u00e4nderungen an der Hautoberfl\u00e4che zu beschreiben.<\/p>\n<p>Gua Sha ist ein altes traditionelles chinesisches Hausmittel. In einer bestimmten Technik und Abfolge &#8222;schabt &#8220; der Therapeut \u00fcber die Haut des Patienten. Dabei kommt es nicht zur Verletzung der Hautoberfl\u00e4che! Nach einiger Zeit erkennt man kleine violette P\u00fcnktchen unter der Haut (Petechien), was man auch schon vom Schr\u00f6pfen kennt.<\/p>\n<p>Gua Sha kann man bei vielen unterschiedlichen Indikationen anwenden. Es geh\u00f6rt nach TCM zu den ausleitenden Techniken. Gerne berate ich Sie dazu in meiner Praxis oder telefonisch.<\/p>\n","protected":false},"excerpt":{"rendered":"<p>Gua= reiben, schaben Sha= ist der Terminus, der benutzt wird, um Ver\u00e4nderungen an der Hautoberfl\u00e4che zu beschreiben. Gua Sha ist ein altes traditionelles chinesisches Hausmittel. In einer bestimmten Technik und Abfolge &#8222;schabt &#8220; der Therapeut \u00fcber die Haut des Patienten. Dabei kommt es nicht zur Verletzung der Hautoberfl\u00e4che! Nach einiger Zeit erkennt man kleine violette &hellip; <\/p>\n<p class=\"link-more\"><a href=\"https:\/\/www.christiane-klee.de\/?page_id=77\" class=\"more-link\"><span class=\"screen-reader-text\">\u201eGua Sha\u201c<\/span> weiterlesen<\/a><\/p>\n","protected":false},"author":1,"featured_media":0,"parent":0,"menu_order":0,"comment_status":"closed","ping_status":"closed","template":"","meta":[],"_links":{"self":[{"href":"https:\/\/www.christiane-klee.de\/index.php?rest_route=\/wp\/v2\/pages\/77"}],"collection":[{"href":"https:\/\/www.christiane-klee.de\/index.php?rest_route=\/wp\/v2\/pages"}],"about":[{"href":"https:\/\/www.christiane-klee.de\/index.php?rest_route=\/wp\/v2\/types\/page"}],"author":[{"embeddable":true,"href":"https:\/\/www.christiane-klee.de\/index.php?rest_route=\/wp\/v2\/users\/1"}],"replies":[{"embeddable":true,"href":"https:\/\/www.christiane-klee.de\/index.php?rest_route=%2Fwp%2Fv2%2Fcomments&post=77"}],"version-history":[{"count":9,"href":"https:\/\/www.christiane-klee.de\/index.php?rest_route=\/wp\/v2\/pages\/77\/revisions"}],"predecessor-version":[{"id":185,"href":"https:\/\/www.christiane-klee.de\/index.php?rest_route=\/wp\/v2\/pages\/77\/revisions\/185"}],"wp:attachment":[{"href":"https:\/\/www.christiane-klee.de\/index.php?rest_route=%2Fwp%2Fv2%2Fmedia&parent=77"}],"curies":[{"name":"wp","href":"https:\/\/api.w.org\/{rel}","templated":true}]}}