{"id":71,"date":"2016-09-09T15:26:20","date_gmt":"2016-09-09T13:26:20","guid":{"rendered":"http:\/\/www.christiane-klee.de\/?page_id=71"},"modified":"2016-09-19T21:43:11","modified_gmt":"2016-09-19T19:43:11","slug":"ostepathie","status":"publish","type":"page","link":"https:\/\/www.christiane-klee.de\/?page_id=71","title":{"rendered":"Osteopathie"},"content":{"rendered":"<p>Die 3 Eckpfeiler der Osteopathie nach Andrew Tailer Still (1828-1917)<\/p>\n<p><strong><span class=\"il\">1<\/span>) Struktur und Funktion<\/strong><br \/>\nStruktur und Funktion bedingen sich gegenseitig.&nbsp;Es ist die Funktion, die eine Struktur zu dem macht, was sie ist. Ohne Muskeln w\u00e4re eine Hand nicht funktionsf\u00e4hig.&nbsp;\u00c4ndert sich die Funktion, so \u00e4ndert sich auch die Struktur.&nbsp;Wird ein Muskel beispielsweise nicht benutzt, so baut er ab.&nbsp;Das bedeutet umgekehrt ein Mehr an Funktion entspricht einem Mehr an Struktur.&nbsp;In der Osteopathie nutzen wir diese Zusammenh\u00e4nge, denn Funktionsst\u00f6rungen zeigen sich oft als beeintr\u00e4chtigte Bewegung der Struktur.&nbsp;Indem ich die Beweglichkeit verbessere, kann ich auch die Funktion verbessern.<\/p>\n<p><strong>2) Untrennbare Einheit<\/strong><br \/>\nUnser K\u00f6rper ist ein untrennbare Einheit.&nbsp;Am Beispiel der K\u00f6perfascien.&nbsp;Fascien sind d\u00fcnne Bindegewebsh\u00fcllen und verbinden unz\u00e4hlige K\u00f6rperstrukuren miteinander.&nbsp;Sie k\u00f6nnen Spannungen und Funktionsst\u00f6rungen \u00fcbertragen.&nbsp;So ist es m\u00f6glich, dass die Ursache eines Schmerzes an an ganz anderer Stelle liegt als der Schmerzpunkt selbst.<\/p>\n<p><strong>3) Selbstheilungskr\u00e4fte<\/strong><br \/>\nUm gesund zu bleiben, muss der K\u00f6rper im Gleichgewicht sein.&nbsp;Da wir aber jeden Tag inneren und \u00e4u\u00dferen Einfl\u00fcssen ausgesetzt sind, ist dies manchmal schwierig.&nbsp;Die F\u00e4higkeit nach Erkrankung wieder gesund zu werden, verdanken wir unseren Selbstheilungskr\u00e4ften. Wie erstaunlich dies funktioniert, sieht man beispielsweise an einer Fraktur, die ohne gro\u00dfen Einfluss von au\u00dfen einfach verheilt&#8230;<br \/>\nDamit diese Selbstheilungskr\u00e4fte richtig greifen k\u00f6nnen, d\u00fcrfen keine Bewegungseinschr\u00e4nkungen die Struktur daran hindern richtig zu funktionieren.&nbsp;Daher werde ich immer versuchen Bewegungseinschr\u00e4nkungen zu l\u00f6sen.&nbsp;Den Rest macht ihr K\u00f6rper dann ganz von alleine.<\/p>\n","protected":false},"excerpt":{"rendered":"<p>Die 3 Eckpfeiler der Osteopathie nach Andrew Tailer Still (1828-1917) 1) Struktur und Funktion Struktur und Funktion bedingen sich gegenseitig.&nbsp;Es ist die Funktion, die eine Struktur zu dem macht, was sie ist. Ohne Muskeln w\u00e4re eine Hand nicht funktionsf\u00e4hig.&nbsp;\u00c4ndert sich die Funktion, so \u00e4ndert sich auch die Struktur.&nbsp;Wird ein Muskel beispielsweise nicht benutzt, so baut &hellip; <\/p>\n<p class=\"link-more\"><a href=\"https:\/\/www.christiane-klee.de\/?page_id=71\" class=\"more-link\"><span class=\"screen-reader-text\">\u201eOsteopathie\u201c<\/span> weiterlesen<\/a><\/p>\n","protected":false},"author":1,"featured_media":0,"parent":0,"menu_order":0,"comment_status":"closed","ping_status":"closed","template":"","meta":[],"_links":{"self":[{"href":"https:\/\/www.christiane-klee.de\/index.php?rest_route=\/wp\/v2\/pages\/71"}],"collection":[{"href":"https:\/\/www.christiane-klee.de\/index.php?rest_route=\/wp\/v2\/pages"}],"about":[{"href":"https:\/\/www.christiane-klee.de\/index.php?rest_route=\/wp\/v2\/types\/page"}],"author":[{"embeddable":true,"href":"https:\/\/www.christiane-klee.de\/index.php?rest_route=\/wp\/v2\/users\/1"}],"replies":[{"embeddable":true,"href":"https:\/\/www.christiane-klee.de\/index.php?rest_route=%2Fwp%2Fv2%2Fcomments&post=71"}],"version-history":[{"count":3,"href":"https:\/\/www.christiane-klee.de\/index.php?rest_route=\/wp\/v2\/pages\/71\/revisions"}],"predecessor-version":[{"id":82,"href":"https:\/\/www.christiane-klee.de\/index.php?rest_route=\/wp\/v2\/pages\/71\/revisions\/82"}],"wp:attachment":[{"href":"https:\/\/www.christiane-klee.de\/index.php?rest_route=%2Fwp%2Fv2%2Fmedia&parent=71"}],"curies":[{"name":"wp","href":"https:\/\/api.w.org\/{rel}","templated":true}]}}