{"id":69,"date":"2016-09-09T15:24:12","date_gmt":"2016-09-09T13:24:12","guid":{"rendered":"http:\/\/www.christiane-klee.de\/?page_id=69"},"modified":"2016-11-27T22:26:59","modified_gmt":"2016-11-27T21:26:59","slug":"akupunktur","status":"publish","type":"page","link":"https:\/\/www.christiane-klee.de\/?page_id=69","title":{"rendered":"Akupunktur"},"content":{"rendered":"<p>Akupunktur ist ein Teilgebiet der Traditionellen Chinesischen Medizin (TCM)<\/p>\n<p><strong>Acus = Nadel<\/strong><br \/>\n<strong>Pungere = Stechen<\/strong><\/p>\n<p>Akupunktur ist eine aus China stammende Therapieform.&nbsp;Im Mittelpunkt dieses Systems steht die Vorstellung einer Lebensenergie: Qi!<br \/>\nQi durchflie\u00dft unseren K\u00f6rper auf sogenannten Meridianen, welche die Hauptfl\u00fcsse des Qi bilden.&nbsp;Wenn man gesund ist, flie\u00dft die Lebensenergie in Harmonie, die Funktionen der Organe sind kr\u00e4ftig und ungest\u00f6rt.<br \/>\nKrankheiten sind nach chinesischer Vorstellung St\u00f6rungen im Fluss des Qi.&nbsp;Akupunktur hilft den Qi Flu\u00df zu harmonisieren und die Selbstheilungskr\u00e4fte anzuregen. Die verschiedenen Akupunktur Punkte sind wie Sammelstellen des Qi zu betrachten.<br \/>\n<strong>Akupunktur meets Osteopathie<\/strong><br \/>\nMeiner Erfahrung nach erg\u00e4nzen sich die Systeme Osteopathie und Akupunktur nach TCM perfekt.&nbsp;Beide Therapieformen betrachten den Menschen ganzheitlich.&nbsp;W\u00e4hrend meiner Ausbildung in Schmerzakupunktur war ich immer wieder \u00fcberrascht wie \u00e4hnlich sich diese beiden Behandlungsmethoden sind. Wie zwei Puzzleteile erg\u00e4nzen sie sich optimal! Stagnationen beseitigen und Selbstheilungskr\u00e4fte anregen sind in beiden Bereichen die zentralen Vorgehensweisen.&nbsp;Mit gro\u00dfer Begeisterung bin ich immer noch dabei mein Wissen in der traditionellen chinesischen Medizin zu erweitern.&nbsp;Ein sehr spannendes medizinisches Feld,da\u00df mich noch lange begleiten wird, denn man lernt nie aus.<\/p>\n<p>Akupunktur wird f\u00fcr Kassenpatienten nach Zeitaufwand abgerechnet. Es handelt sich dabei um eine Privatleistung.<\/p>\n<p>Privatversicherte erhalten eine Rechnung nach Geb\u00fcH (Geb\u00fchrenordnung f\u00fcr Heilpraktiker). Mit dieser k\u00f6nnen Sie eine Kostenerstattung beantragen. Inwieweit Ihre Krankenkasse die Kosten \u00fcbernimmt ist unterschiedlich, je nach Vertrag.<br \/>\nN\u00e4hre Informationen dazu gebe ich Ihnen gerne telefonisch.<\/p>\n","protected":false},"excerpt":{"rendered":"<p>Akupunktur ist ein Teilgebiet der Traditionellen Chinesischen Medizin (TCM) Acus = Nadel Pungere = Stechen Akupunktur ist eine aus China stammende Therapieform.&nbsp;Im Mittelpunkt dieses Systems steht die Vorstellung einer Lebensenergie: Qi! Qi durchflie\u00dft unseren K\u00f6rper auf sogenannten Meridianen, welche die Hauptfl\u00fcsse des Qi bilden.&nbsp;Wenn man gesund ist, flie\u00dft die Lebensenergie in Harmonie, die Funktionen der &hellip; <\/p>\n<p class=\"link-more\"><a href=\"https:\/\/www.christiane-klee.de\/?page_id=69\" class=\"more-link\"><span class=\"screen-reader-text\">\u201eAkupunktur\u201c<\/span> weiterlesen<\/a><\/p>\n","protected":false},"author":1,"featured_media":0,"parent":0,"menu_order":0,"comment_status":"closed","ping_status":"closed","template":"","meta":[],"_links":{"self":[{"href":"https:\/\/www.christiane-klee.de\/index.php?rest_route=\/wp\/v2\/pages\/69"}],"collection":[{"href":"https:\/\/www.christiane-klee.de\/index.php?rest_route=\/wp\/v2\/pages"}],"about":[{"href":"https:\/\/www.christiane-klee.de\/index.php?rest_route=\/wp\/v2\/types\/page"}],"author":[{"embeddable":true,"href":"https:\/\/www.christiane-klee.de\/index.php?rest_route=\/wp\/v2\/users\/1"}],"replies":[{"embeddable":true,"href":"https:\/\/www.christiane-klee.de\/index.php?rest_route=%2Fwp%2Fv2%2Fcomments&post=69"}],"version-history":[{"count":8,"href":"https:\/\/www.christiane-klee.de\/index.php?rest_route=\/wp\/v2\/pages\/69\/revisions"}],"predecessor-version":[{"id":111,"href":"https:\/\/www.christiane-klee.de\/index.php?rest_route=\/wp\/v2\/pages\/69\/revisions\/111"}],"wp:attachment":[{"href":"https:\/\/www.christiane-klee.de\/index.php?rest_route=%2Fwp%2Fv2%2Fmedia&parent=69"}],"curies":[{"name":"wp","href":"https:\/\/api.w.org\/{rel}","templated":true}]}}