{"id":55,"date":"2016-09-05T10:13:53","date_gmt":"2016-09-05T08:13:53","guid":{"rendered":"http:\/\/www.christiane-klee.de\/?page_id=55"},"modified":"2024-09-03T10:50:54","modified_gmt":"2024-09-03T08:50:54","slug":"honorare-und-kostenerstattung","status":"publish","type":"page","link":"https:\/\/www.christiane-klee.de\/?page_id=55","title":{"rendered":"Honorare und Kostenerstattung"},"content":{"rendered":"<p>Fast alle gesetzlichen Krankenkassen bezuschussen die Osteopathische Medizin.&nbsp;In welchem Umfang ist sehr unterschiedlich.<\/p>\n<p>Sie k\u00f6nnen sich unter&nbsp;<a href=\"http:\/\/www.osteokompass.de\/\">osteokompass.de<\/a>&nbsp;(Patienteninfo,Krankenkasse) \u00fcber die M\u00f6glichkeit der Erstattung&nbsp;informieren, oder rufen direkt bei Ihrer Krankenkasse an, um die gew\u00fcnschten Informationen zu erhalten. Meistens haben die Krankenkassen bestimmte Anforderungen an den Therapeuten, um eine Kostenerstattung zu genehmigen.<\/p>\n<p>In der Regel erf\u00fclle ich alle diese Voraussetzungen, denn meine hochwertige Ausbildung am Institut f\u00fcr angewandte Osteopathie umfasste 5 Jahre ( \u00fcber 1350 Unterrichtsstunden). Die anschlie\u00dfende Ausbildung zur Kinder und S\u00e4uglingsosteopathin erg\u00e4nzte die Weiterbildung um weitere 2 Jahre. Des Weiteren bin ich zertifiziertes Mitglied des Verbandes <a href=\"https:\/\/www.osteopathie.de\/\">VOD<\/a> und nehme regelm\u00e4\u00dfig an Fortbildungen teil.<\/p>\n<p>Mein Honorar richtet sich im Fall einer gesetzlichen Krankenversicherung nach Zeitaufwand. Sie erhalten eine Rechnung f\u00fcr die osteopathische Behandlung, die Sie zusammen mit einem Privatrezept vom Arzt ( Fachrichtung ist dabei irrelevant) bei der Krankenkasse einreichen k\u00f6nnen, um eine Teilerstattung der Kosten zu beantragen.<\/p>\n<p>Falls Sie privat versichert sind oder eine private Zusatzversicherung haben, wird nach dem Geb\u00fchrenverzeichnis der Heilpraktiker ( Geb\u00fcH) abgerechnet. Sie erhalten eine Rechnung und k\u00f6nnen mit dieser eine Erstattung der Kosten beantragen.<\/p>\n<p>In welchem Umfang Ihre Krankenkasse die Kosten der Behandlung \u00fcbernimmt, kann ich leider nicht individuell beantworten. Daf\u00fcr gibt es zu viele verschiedene Tarife und Vertr\u00e4ge. Ich empfehle Ihnen sich noch vor der Behandlung, bei Ihrer Krankenkassen dar\u00fcber zu informieren.<\/p>\n<p>Meine langj\u00e4hrige Berufserfahrung ist Ihr Vorteil. Die Ursache f\u00fcr Ihre Beschwerden zu finden ist eine zentrale Aufgabe in der Behandlung.<\/p>\n","protected":false},"excerpt":{"rendered":"<p>Fast alle gesetzlichen Krankenkassen bezuschussen die Osteopathische Medizin.&nbsp;In welchem Umfang ist sehr unterschiedlich. Sie k\u00f6nnen sich unter&nbsp;osteokompass.de&nbsp;(Patienteninfo,Krankenkasse) \u00fcber die M\u00f6glichkeit der Erstattung&nbsp;informieren, oder rufen direkt bei Ihrer Krankenkasse an, um die gew\u00fcnschten Informationen zu erhalten. Meistens haben die Krankenkassen bestimmte Anforderungen an den Therapeuten, um eine Kostenerstattung zu genehmigen. In der Regel erf\u00fclle ich alle &hellip; <\/p>\n<p class=\"link-more\"><a href=\"https:\/\/www.christiane-klee.de\/?page_id=55\" class=\"more-link\"><span class=\"screen-reader-text\">\u201eHonorare und Kostenerstattung\u201c<\/span> weiterlesen<\/a><\/p>\n","protected":false},"author":1,"featured_media":0,"parent":0,"menu_order":0,"comment_status":"closed","ping_status":"closed","template":"","meta":[],"_links":{"self":[{"href":"https:\/\/www.christiane-klee.de\/index.php?rest_route=\/wp\/v2\/pages\/55"}],"collection":[{"href":"https:\/\/www.christiane-klee.de\/index.php?rest_route=\/wp\/v2\/pages"}],"about":[{"href":"https:\/\/www.christiane-klee.de\/index.php?rest_route=\/wp\/v2\/types\/page"}],"author":[{"embeddable":true,"href":"https:\/\/www.christiane-klee.de\/index.php?rest_route=\/wp\/v2\/users\/1"}],"replies":[{"embeddable":true,"href":"https:\/\/www.christiane-klee.de\/index.php?rest_route=%2Fwp%2Fv2%2Fcomments&post=55"}],"version-history":[{"count":19,"href":"https:\/\/www.christiane-klee.de\/index.php?rest_route=\/wp\/v2\/pages\/55\/revisions"}],"predecessor-version":[{"id":186,"href":"https:\/\/www.christiane-klee.de\/index.php?rest_route=\/wp\/v2\/pages\/55\/revisions\/186"}],"wp:attachment":[{"href":"https:\/\/www.christiane-klee.de\/index.php?rest_route=%2Fwp%2Fv2%2Fmedia&parent=55"}],"curies":[{"name":"wp","href":"https:\/\/api.w.org\/{rel}","templated":true}]}}