{"id":40,"date":"2016-08-28T22:12:20","date_gmt":"2016-08-28T20:12:20","guid":{"rendered":"http:\/\/wordpress.christiane-klee.de\/?page_id=40"},"modified":"2024-09-25T10:53:05","modified_gmt":"2024-09-25T08:53:05","slug":"impressum","status":"publish","type":"page","link":"https:\/\/www.christiane-klee.de\/?page_id=40","title":{"rendered":"Impressum"},"content":{"rendered":"<p>Heilpraktikerin<br \/>\nChristiane Klee<br \/>\nBlumenrather Str. 54<br \/>\n52477 Alsdorf<br \/>\nTelefon: 02404 \/ 9563366<\/p>\n<p>Email:\u00a0\u00a0<a href=\"mailto:info@christiane-klee.de\">info@christiane-klee.de<\/a><\/p>\n<p><strong>USt.-IdNr.<\/strong><br \/>\nHeilkundliche T\u00e4tigkeit befreit von der Umsatzsteuer gem\u00e4\u00df \u00a7 4 Nr.14 UStG<\/p>\n<p><strong>Gesetzliche Berufsbezeichnung<\/strong><br \/>\nHeilpraktikerin, Physiotherapeutin<\/p>\n<p>Amts\u00e4rztliche \u00dcberpr\u00fcfung vom Gesundheitsamt Krefeld 2016<\/p>\n<p><strong>Aufsichtsbeh\u00f6rde<\/strong><br \/>\nGesundheitsamt Aachen, Trierer Stra\u00dfe 1, 52078 Aachen<\/p>\n<p><strong>Berufsrechtliche Regelungen<\/strong><br \/>\n<a href=\"http:\/\/www.staedteregion-aachen.de\/gesundheitsamt\" target=\"_blank\" rel=\"noopener\">Gesundheitsamt Aachen<\/a><br \/>\nGesetz \u00fcber die berufsm\u00e4\u00dfige Aus\u00fcbung der Heilkunde ohne \u00e4rztliche Bestallung (Heilpraktikergesetz)<br \/>\n1. Durchf\u00fchrungsverordnung zum Gesetz<br \/>\nDen vollst\u00e4ndigen Text finden Sie hier: <a href=\"http:\/\/freieheilpraktiker.com\">freieheilpraktiker.com<\/a><br \/>\nIch bin Mitglied im Berufs- und Fachverband VOD ( Verband der Osteopathen Deutschland) e. V.<\/p>\n<p><strong>Informationen \u00fcber berufsrechtliche Regelungen<\/strong><br \/>\ngibt es auf der Seite des Berufs- und Fachverbandes &#8222;Freie Heilpraktiker e.V.&#8220; unter www.freieheilpraktiker.com<\/p>\n<p><strong>Weitere berufsrechtliche Informationen:<\/strong><br \/>\nEs gilt die Berufsordnung meines Berufsverbandes: freieheilpraktiker.com<br \/>\nBerufsbild der Heilpraktiker: freieheilpraktiker.com<\/p>\n<p><strong>Verantwortlich fu\u0308r den Inhalt nach \u00a7 55 Abs. 2 RStV: <\/strong><br \/>\nChristiane Klee, Heilpraktikerin,<\/p>\n<p><strong>Datenschutzerkl\u00e4rung (Stand 07.05.2018)<\/strong><\/p>\n<p>Ich freue mich \u00fcber Ihren Besuch auf meiner Internetpr\u00e4senz. Ich nehme den Schutz Ihrer pers\u00f6nlichen Daten ernst und halten mich an die Regeln der gesetzlichen Vorgaben, insbesondere der Datenschutzgesetze. Die in dieser Erkl\u00e4rung verwendeten Begrifflichkeiten sind geschlechtsneutral zu verstehen und umfassen jeweils die weibliche und m\u00e4nnliche Form.<\/p>\n<p><strong>1. Information \u00fcber die Erhebung personenbezogener Daten<\/strong><\/p>\n<p>1.1. In dieser Datenschutzerkl\u00e4rung informiere ich Sie \u00fcber die Erhebung personenbezogener Daten bei Nutzung meiner Internetpr\u00e4senz. Personenbezogene Daten sind alle Daten, die auf Sie pers\u00f6nlich beziehbar sind, beispielweise Ihr Name, Ihre Anschrift oder Ihre E-Mail-Adresse.<\/p>\n<p>1.2. Verantwortlicher gem. Art.\u00a04 Abs.\u00a07 EU-Datenschutz-Grundverordnung (DS-GVO) bin ich, Heilpraktikerin Christiane Klee, Blumenrather Stra\u00dfe 54, 52477 Alsdorf, <a href=\"mailto:info@christiane-klee.de\">info@christiane-klee.de<\/a>. Alle Angaben \u00fcber mich finden Sie in meinem <a href=\"http:\/\/www.christiane-klee.de\/?page_id=40\">Impressum<\/a>.<\/p>\n<p>1.3. F\u00fcr eine Kontaktaufnahme k\u00f6nnen Sie mir eine E-Mail zusenden oder das auf meiner Website bereitgestellte <a href=\"http:\/\/www.christiane-klee.de\/?page_id=23\">Kontaktformular<\/a> nutzen. Dabei ist die Angabe einer g\u00fcltigen E-Mail-Adresse erforderlich, um Ihre Anfrage beantworten zu k\u00f6nnen. Sofern Sie dies w\u00fcnschen, k\u00f6nnen Sie hierzu eine E-Mailadresse verwenden, die keine R\u00fcckschl\u00fcsse auf Ihre Person zul\u00e4sst. Wenn Sie mir eine E-Mail schreiben oder eine Nachricht \u00fcber das <a href=\"http:\/\/www.christiane-klee.de\/?page_id=23\">Kontaktformular <\/a>zukommen lassen, speichere ich die von Ihnen mitgeteilten Daten (z.B. Ihre E-Mail-Adresse, ggf. Ihren Namen und Ihre Telefonnummer), um Ihre Fragen zu beantworten. Ist eine Speicherung nicht mehr erforderlich, l\u00f6sche ich die erhobenen personenbezogenen Daten. Falls eine gesetzliche Aufbewahrungspflicht besteht, schr\u00e4nke ich die Verarbeitung ein. Die Rechtsgrundlage f\u00fcr die Datenverarbeitung zum Zwecke der Kontaktaufnahme bildet Art. 6 Abs. 1 S. 1 lit. f DS-GVO.<\/p>\n<p>1.4. Ich m\u00f6chte Sie darauf hinweisen, dass eine Daten\u00fcbertragung per E-Mail Sicherheitsl\u00fccken aufweisen kann. Ein l\u00fcckenloser Schutz der Daten vor dem Zugriff durch Dritte ist hier nicht m\u00f6glich. Ich empfehle deshalb, gesundheitsbezogene Daten nicht per Email zu \u00fcbermitteln. Sofern Sie an einer verschl\u00fcsselten E-Mail-Korrespondenz interessiert sind, teilen Sie mir dies bitte mit.<\/p>\n<p>1.5. F\u00fcr einzelne Funktionen meiner Website ben\u00f6tige ich die Mitwirkung von externen Dienstleistern. \u00dcber die jeweiligen Vorg\u00e4nge informiere ich Sie unter Punkt 6. dieser Erkl\u00e4rung.<\/p>\n<p><strong>2. Erhebung und Speicherung personenbezogener Daten bei Aufruf meiner Website<\/strong><\/p>\n<p>2.1. Wenn Sie meine Internetpr\u00e4senz informatorisch nutzen &#8211; also lediglich betrachten -, erhebe ich bei deren Aufruf diejenigen personenbezogenen Daten, die Ihr Browser automatisch an den Server meiner Website \u00fcbermittelt. Diese Informationen werden tempor\u00e4r in einem sog. Logfile gespeichert. Folgende Informationen werden dabei ohne Ihr Zutun erfasst und bis zur automatisierten L\u00f6schung gespeichert:<\/p>\n<p>&#8211; IP-Adresse des anfragenden Rechners,<\/p>\n<p>&#8211; Datum und Uhrzeit der Anfrage bzw. des Zugriffs,<\/p>\n<p>&#8211; Zeitzonendifferenz zur Greenwich Mean Time (GMT),<\/p>\n<p>&#8211; Inhalt der Anforderung (konkrete Seite),<\/p>\n<p>&#8211; Name und URL der abgerufenen Datei,<\/p>\n<p>&#8211; Zugriffsstatus\/HTTP-Statuscode,<\/p>\n<p>&#8211; jeweils \u00fcbertragene Datenmenge,<\/p>\n<p>&#8211; Website, von der die Anforderung bzw. der Zugriff erfolgt (Referrer-URL),<\/p>\n<p>&#8211; verwendeter Browser,<\/p>\n<p>&#8211; Betriebssystem Ihres Rechners und dessen Oberfl\u00e4che sowie der Name Ihres Access-Providers,<\/p>\n<p>&#8211; Sprache und Version der Browsersoftware.<\/p>\n<p>2.2. Die genannten Daten verarbeite ich, um Ihnen meine Website anzuzeigen und dabei Stabilit\u00e4t und Sicherheit zu gew\u00e4hrleisten. Insbesondere um einen reibungslosen Verbindungsaufbau und eine komfortable Nutzung meiner Website sicherzustellen sowie f\u00fcr eine Auswertung der Systemsicherheit bzw. Systemstabilit\u00e4t und zu weiteren administrativen Zwecken.<\/p>\n<p>2.3. Die Rechtsgrundlage f\u00fcr die Datenverarbeitung bildet Art.\u00a06 Abs.\u00a01 S.\u00a01 lit. f DS-GVO. Unser berechtigtes Interesse folgt aus den vorstehend aufgelisteten Zwecken zur Datenerhebung.<\/p>\n<p><strong>3. Weitergabe von Daten \/ Daten\u00fcbermittlung<\/strong><\/p>\n<p>Ich \u00fcbermittele Ihre pers\u00f6nlichen Daten an Dritte ausschlie\u00dflich zu folgenden Zwecken:<\/p>\n<p>3.1. &#8211; nach Erteilung einer ausdr\u00fccklichen Einwilligung gem\u00e4\u00df Art. 6 Abs. 1 S. 1 lit. a DSGVO,<\/p>\n<p>3.2. &#8211; die Weitergabe ist nach Art. 6 Abs. 1 S. 1 lit. f DSGVO zur Geltendmachung, Aus\u00fcbung oder Verteidigung von Rechtsanspr\u00fcchen erforderlich und es besteht kein Grund zur Annahme, dass Sie ein \u00fcberwiegendes schutzw\u00fcrdiges Interesse an der Nichtweitergabe Ihrer Daten haben,<\/p>\n<p>3.3. &#8211; falls f\u00fcr die Weitergabe nach Art. 6 Abs. 1 S. 1 lit. c DSGVO eine gesetzliche Verpflichtung besteht,<\/p>\n<p>3.4. &#8211; sofern dies gesetzlich zul\u00e4ssig und nach Art. 6 Abs. 1 S. 1 lit. b DSGVO f\u00fcr die Abwicklung von Vertragsverh\u00e4ltnissen mit Ihnen erforderlich ist.<\/p>\n<p><strong>4. Ihre Rechte<\/strong><\/p>\n<p>Sie haben gegen\u00fcber mir Rechte hinsichtlich der Sie betreffenden personenbezogenen Daten. Hierbei handelt es sich um das:<\/p>\n<p>4.1. &#8211; Recht auf Auskunft: gem\u00e4\u00df Art. 15 DSGVO k\u00f6nnen Sie Auskunft \u00fcber Ihre von mir verarbeiteten personenbezogenen Daten verlangen.<\/p>\n<p>4.2. &#8211; Recht auf Berichtigung: gem\u00e4\u00df Art. 16 DSGVO k\u00f6nnen Sie unverz\u00fcglich die Berichtigung unrichtiger oder Vervollst\u00e4ndigung Ihrer bei mir gespeicherten personenbezogenen Daten verlangen.<\/p>\n<p>4.3. &#8211; Recht auf L\u00f6schung: gem\u00e4\u00df Art. 17 DSGVO k\u00f6nnen Sie die L\u00f6schung Ihrer bei mir gespeicherten personenbezogenen Daten verlangen.<\/p>\n<p>4.4. &#8211; Recht auf Einschr\u00e4nkung der Verarbeitung: gem\u00e4\u00df Art. 18 DSGVO k\u00f6nnen Sie die Einschr\u00e4nkung der Verarbeitung Ihrer bei mir gespeicherten personenbezogenen Daten verlangen.<\/p>\n<p>4.5. &#8211; Recht auf Widerspruch gegen die Verarbeitung: gem\u00e4\u00df Art. 7 Abs. 3 DSGVO k\u00f6nnen Sie Ihre einmal erteilte Einwilligung jederzeit gegen\u00fcber mir widerrufen.<\/p>\n<p>4.6. &#8211; Recht auf Daten\u00fcbertragbarkeit: gem\u00e4\u00df Art. 20 DSGVO k\u00f6nnen Sie verlangen, Ihre personenbezogenen Daten, die Sie mir bereitgestellt haben, in einem strukturierten, g\u00e4ngigen und maschinenlesebaren Format zu erhalten oder die \u00dcbermittlung an einen anderen Verantwortlichen verlangen.<\/p>\n<p>4.7. &#8211; Sie haben gem\u00e4\u00df Art. 77 DSGVO zudem das Recht, sich bei einer Datenschutz-Aufsichtsbeh\u00f6rde \u00fcber die Verarbeitung Ihrer personenbezogenen Daten durch mich zu beschweren.<\/p>\n<p><strong>5. Cookies<\/strong><\/p>\n<p>5.1. Neben den in Punkt 2. genannten Daten werden bei Ihrer Nutzung meiner Website sogenannte Cookies auf Ihrem Endger\u00e4t (Laptop, Tablet, Smartphone o.\u00e4.) gespeichert. Dies sind kleine Textdateien, die auf Ihrer Festplatte dem von Ihnen verwendeten Browser zugeordnet gespeichert werden; durch Cookies erh\u00e4lt die Stelle, die den Cookie setzt, bestimmte Informationen. Cookies dienen dazu, mein Internetangebot nutzerfreundlicher und effektiver zu machen. Ich erhalte durch Cookies nicht unmittelbar Kenntnis von Ihrer Identit\u00e4t. Cookies k\u00f6nnen keine Programme ausf\u00fchren oder Viren auf Ihren Computer \u00fcbertragen.<\/p>\n<p>5.2. Meine Website nutzt ausschlie\u00dflich Session-Cookies. Diese speichern eine sogenannte Session-ID, mit welcher sich verschiedene Anfragen Ihres Browsers der Sitzung zuordnen lassen. Durch Session-Cookies kann erkannt werden, dass Sie einzelne Seiten meiner Website bereits besucht haben. Die Session-Cookies werden automatisch gel\u00f6scht, wenn Sie meine Seite verlassen oder Ihren Browser schlie\u00dfen. Sie k\u00f6nnen die Cookies in den Sicherheitseinstellungen Ihres Browsers zudem jederzeit l\u00f6schen.<\/p>\n<p>5.3. Sie k\u00f6nnen meine Webseite auch ohne Cookies besuchen. Sie m\u00fcssen hierzu Ihre Browser-Einstellung so konfigurieren, dass die Annahme von Cookies unterbleibt. In diesem Fall k\u00f6nnen Sie m\u00f6glicherweise nicht alle Funktionen meiner Website nutzen.<\/p>\n<p>5.4. Die durch Cookies verarbeiteten Daten sind f\u00fcr die genannten Zwecke zur Wahrung unserer berechtigten Interessen sowie der Dritter nach Art. 6 Abs. 1 S. 1 lit. f DSGVO erforderlich.<\/p>\n<p>5.5. \u00dcber Cookies, die durch eingebundene Dienste (z.B. YouTube) gesetzt werden, informiere ich Sie unter Punkt 6 dieser Erkl\u00e4rung.<\/p>\n<p><strong>6. Widerspruch oder Widerruf gegen die Verarbeitung Ihrer Daten<\/strong><\/p>\n<p>6.1. Sofern ich Ihre personenbezogenen Daten auf Grundlage von berechtigten Interessen gem\u00e4\u00df Art. 6 Abs. 1 S. 1 lit. f DSGVO verarbeite, k\u00f6nnen Sie gem\u00e4\u00df Art. 21 DS-GVO Widerspruch gegen die Verarbeitung Ihrer personenbezogenen Daten einlegen. In diesem Fall teilen Sie mir bitte die Gr\u00fcnde &#8211; die sich aus Ihrer besonderen Situation ergeben &#8211; mit, aufgrund derer ich Ihre personenbezogenen Daten nicht verarbeiten soll. Nach Pr\u00fcfung Ihres Widerspruchs stelle ich entweder die Datenverarbeitung ein, passe diese an oder f\u00fchre die Verarbeitung fort. In zuletzt genannten Fall lege ich Ihnen meine zwingenden schutzw\u00fcrdigen Gr\u00fcnde dar.<\/p>\n<p>6.2. Der Verarbeitung Ihrer personenbezogenen Daten f\u00fcr Zwecke der Werbung und\/oder Datenanalyse k\u00f6nnen Sie jederzeit ohne Angabe von Gr\u00fcnden widersprechen. Ihr diesbez\u00fcgliches Widerspruchsrecht setze ich um; die Angabe von Gr\u00fcnden ist hierzu nicht erforderlich.<\/p>\n<p>6.3. Falls Sie eine Einwilligung zur Verarbeitung Ihrer Daten erteilt haben, k\u00f6nnen Sie diese jederzeit mit Wirkung f\u00fcr die Zukunft widerrufen.<\/p>\n<p>6.4. Zur Aus\u00fcbung Ihres Widerrufs- oder Widerspruchsrecht senden Sie eine E-Mail \u00fcber unser <a href=\"http:\/\/www.christiane-klee.de\/?page_id=23\">Kontaktformular<\/a> oder an <a href=\"mailto:info@christiane-klee.de\">info@christiane-klee.de<\/a>.<\/p>\n<p>\u00dcber Ihren Widerspruch oder Widerruf k\u00f6nnen Sie mich auch unter den Kontaktdaten auf dieser Seite informieren.<\/p>\n<p><strong>7. Verschl\u00fcsselung<\/strong><\/p>\n<p>Zur Sicherung Ihrer Daten verwende ich auf meiner Hauptdomain <a href=\"https:\/\/www.christiane-klee.de\">https:\/\/www.christiane-klee.de<\/a> eine SSL-Verschl\u00fcsselung. Auf der Zweitdomain <a href=\"http:\/\/www.osteopathie-alsdorf.de\">http:\/\/www.osteopathie-alsdorf.de<\/a> ist kein SSL-Zertifikat verf\u00fcgbar. Bitte wechseln Sie gegebenenfalls zur Hauptdomain.<\/p>\n<p>Zertifikate zur Verwendung der SSL-Verschl\u00fcsselung werden von mir regelm\u00e4\u00dfig erneuert. Ob eine Seite meines Internetauftrittes verschl\u00fcsselt \u00fcbertragen wird, erkennen Sie an der geschlossenen Darstellung des Sch\u00fcssel-\/Schloss-Symbols in der Statusleiste Ihres Browsers.<\/p>\n<p><strong>8. Weitere Fragen<\/strong><\/p>\n<p>Konnte meine Datenschutzerkl\u00e4rung eine Ihrer Fragen nicht beantworten? W\u00fcnschen Sie zu einem Punkt weitere Informationen? Dann lassen Sie mich dies wissen. Ich gebe Ihnen jederzeit gern weitere Auskunft. F\u00fcr alle Anfragen zum Datenschutz nutzen Sie bitte unser <a href=\"http:\/\/www.christiane-klee.de\/?page_id=23\">Kontaktformular<\/a> oder senden eine E-Mail an <a href=\"mailto:info@christiane-klee.de\">info@christiane-klee.de<\/a>.<\/p>\n<p>Diese Datenschutzerkl\u00e4rung hat den Stand Mai 2018.<\/p>\n","protected":false},"excerpt":{"rendered":"<p>Heilpraktikerin Christiane Klee Blumenrather Str. 54 52477 Alsdorf Telefon: 02404 \/ 9563366 Email:\u00a0\u00a0info@christiane-klee.de USt.-IdNr. Heilkundliche T\u00e4tigkeit befreit von der Umsatzsteuer gem\u00e4\u00df \u00a7 4 Nr.14 UStG Gesetzliche Berufsbezeichnung Heilpraktikerin, Physiotherapeutin Amts\u00e4rztliche \u00dcberpr\u00fcfung vom Gesundheitsamt Krefeld 2016 Aufsichtsbeh\u00f6rde Gesundheitsamt Aachen, Trierer Stra\u00dfe 1, 52078 Aachen Berufsrechtliche Regelungen Gesundheitsamt Aachen Gesetz \u00fcber die berufsm\u00e4\u00dfige Aus\u00fcbung der Heilkunde ohne &hellip; <\/p>\n<p class=\"link-more\"><a href=\"https:\/\/www.christiane-klee.de\/?page_id=40\" class=\"more-link\"><span class=\"screen-reader-text\">\u201eImpressum\u201c<\/span> weiterlesen<\/a><\/p>\n","protected":false},"author":1,"featured_media":0,"parent":0,"menu_order":0,"comment_status":"closed","ping_status":"closed","template":"","meta":[],"_links":{"self":[{"href":"https:\/\/www.christiane-klee.de\/index.php?rest_route=\/wp\/v2\/pages\/40"}],"collection":[{"href":"https:\/\/www.christiane-klee.de\/index.php?rest_route=\/wp\/v2\/pages"}],"about":[{"href":"https:\/\/www.christiane-klee.de\/index.php?rest_route=\/wp\/v2\/types\/page"}],"author":[{"embeddable":true,"href":"https:\/\/www.christiane-klee.de\/index.php?rest_route=\/wp\/v2\/users\/1"}],"replies":[{"embeddable":true,"href":"https:\/\/www.christiane-klee.de\/index.php?rest_route=%2Fwp%2Fv2%2Fcomments&post=40"}],"version-history":[{"count":18,"href":"https:\/\/www.christiane-klee.de\/index.php?rest_route=\/wp\/v2\/pages\/40\/revisions"}],"predecessor-version":[{"id":189,"href":"https:\/\/www.christiane-klee.de\/index.php?rest_route=\/wp\/v2\/pages\/40\/revisions\/189"}],"wp:attachment":[{"href":"https:\/\/www.christiane-klee.de\/index.php?rest_route=%2Fwp%2Fv2%2Fmedia&parent=40"}],"curies":[{"name":"wp","href":"https:\/\/api.w.org\/{rel}","templated":true}]}}